{"id":20,"date":"2015-10-10T21:19:54","date_gmt":"2015-10-10T19:19:54","guid":{"rendered":"http:\/\/www.fit-massagen.ch\/?page_id=20"},"modified":"2015-12-01T13:18:00","modified_gmt":"2015-12-01T12:18:00","slug":"meridian-massage","status":"publish","type":"page","link":"https:\/\/www.fit-massagen.ch\/index.php\/angebote\/meridian-massage\/","title":{"rendered":"Meridian-Massage"},"content":{"rendered":"<p style=\"text-align: left;\"><img loading=\"lazy\" decoding=\"async\" class=\"size-full wp-image-240 alignleft\" src=\"http:\/\/www.fit-massagen.ch\/wp-content\/uploads\/2015\/10\/meridian-massage_neu.jpg\" alt=\"meridian-massage_neu\" width=\"424\" height=\"283\" srcset=\"https:\/\/www.fit-massagen.ch\/wp-content\/uploads\/2015\/10\/meridian-massage_neu.jpg 424w, https:\/\/www.fit-massagen.ch\/wp-content\/uploads\/2015\/10\/meridian-massage_neu-300x200.jpg 300w, https:\/\/www.fit-massagen.ch\/wp-content\/uploads\/2015\/10\/meridian-massage_neu-100x67.jpg 100w\" sizes=\"auto, (max-width: 424px) 100vw, 424px\" \/>Gesundheitspflege und Fr\u00fcherkennung sind in unserer von Terminen und Stress belasteten Zeit h\u00e4ufig von existentieller Bedeutung. Die Meridian-Massage hat ihren besonderen Stellenwert bei der Behandlung von funktionellen St\u00f6rungen der Organe und des Bewegungsapparates, bei vegetativen St\u00f6rungen sowie in der Schmerztherapie. Durch eine sanfte Harmonisierung Ihrer K\u00f6rperenergien k\u00f6nnen Sie Ruhe und Ausgeglichenheit finden, um damit wieder in Ihr pers\u00f6nliches energetisches Gleichgewicht zu kommen.<\/p>\n<p>F\u00fchlen Sie sich manchmal antriebsarm und dann wieder getrieben von innerer Unruhe ? Dies k\u00f6nnen Anzeichen eines gest\u00f6rten Energiekreislaufes sein. G\u00f6nnen Sie sich die wohltuende Wirkung der Meridian-Massage f\u00fcr Ihren Energiekreislauf f\u00fcr K\u00f6rper, Geist und Seele.<\/p>\n<h5>Ideal in kombination mit der klassischen Ganz- oder Teilk\u00f6rper-Massage.<\/h5>\n","protected":false},"excerpt":{"rendered":"<p>Gesundheitspflege und Fr\u00fcherkennung sind in unserer von Terminen und Stress belasteten Zeit h\u00e4ufig von existentieller Bedeutung. Die Meridian-Massage hat ihren besonderen Stellenwert bei der Behandlung von funktionellen St\u00f6rungen der Organe und des Bewegungsapparates, bei vegetativen St\u00f6rungen sowie in der Schmerztherapie. Durch eine sanfte Harmonisierung Ihrer K\u00f6rperenergien k\u00f6nnen Sie Ruhe und Ausgeglichenheit finden, um damit wieder in Ihr pers\u00f6nliches energetisches Gleichgewicht &#8230; <\/p>\n<div><a href=\"https:\/\/www.fit-massagen.ch\/index.php\/angebote\/meridian-massage\/\" class=\"more-link\">Read More<\/a><\/div>\n","protected":false},"author":2,"featured_media":0,"parent":12,"menu_order":0,"comment_status":"closed","ping_status":"closed","template":"","meta":{"ngg_post_thumbnail":0,"footnotes":"","_links_to":"","_links_to_target":""},"class_list":["post-20","page","type-page","status-publish","hentry","no-post-thumbnail"],"_links":{"self":[{"href":"https:\/\/www.fit-massagen.ch\/index.php\/wp-json\/wp\/v2\/pages\/20","targetHints":{"allow":["GET"]}}],"collection":[{"href":"https:\/\/www.fit-massagen.ch\/index.php\/wp-json\/wp\/v2\/pages"}],"about":[{"href":"https:\/\/www.fit-massagen.ch\/index.php\/wp-json\/wp\/v2\/types\/page"}],"author":[{"embeddable":true,"href":"https:\/\/www.fit-massagen.ch\/index.php\/wp-json\/wp\/v2\/users\/2"}],"replies":[{"embeddable":true,"href":"https:\/\/www.fit-massagen.ch\/index.php\/wp-json\/wp\/v2\/comments?post=20"}],"version-history":[{"count":12,"href":"https:\/\/www.fit-massagen.ch\/index.php\/wp-json\/wp\/v2\/pages\/20\/revisions"}],"predecessor-version":[{"id":243,"href":"https:\/\/www.fit-massagen.ch\/index.php\/wp-json\/wp\/v2\/pages\/20\/revisions\/243"}],"up":[{"embeddable":true,"href":"https:\/\/www.fit-massagen.ch\/index.php\/wp-json\/wp\/v2\/pages\/12"}],"wp:attachment":[{"href":"https:\/\/www.fit-massagen.ch\/index.php\/wp-json\/wp\/v2\/media?parent=20"}],"curies":[{"name":"wp","href":"https:\/\/api.w.org\/{rel}","templated":true}]}}