{"id":18,"date":"2015-10-10T21:19:22","date_gmt":"2015-10-10T19:19:22","guid":{"rendered":"http:\/\/www.fit-massagen.ch\/?page_id=18"},"modified":"2015-10-29T10:16:43","modified_gmt":"2015-10-29T09:16:43","slug":"ganz-und-teilkoerper-massage","status":"publish","type":"page","link":"https:\/\/www.fit-massagen.ch\/index.php\/angebote\/ganz-und-teilkoerper-massage\/","title":{"rendered":"Ganz- und Teilk\u00f6rper Massage"},"content":{"rendered":"<p><img loading=\"lazy\" decoding=\"async\" class=\"size-full wp-image-145 alignleft\" src=\"http:\/\/www.fit-massagen.ch\/wp-content\/uploads\/2015\/10\/ganzk\u00f6rpermassage-text.jpg\" alt=\"ganzk\u00f6rpermassage\" width=\"424\" height=\"283\" srcset=\"https:\/\/www.fit-massagen.ch\/wp-content\/uploads\/2015\/10\/ganzk\u00f6rpermassage-text.jpg 424w, https:\/\/www.fit-massagen.ch\/wp-content\/uploads\/2015\/10\/ganzk\u00f6rpermassage-text-300x200.jpg 300w, https:\/\/www.fit-massagen.ch\/wp-content\/uploads\/2015\/10\/ganzk\u00f6rpermassage-text-100x67.jpg 100w\" sizes=\"auto, (max-width: 424px) 100vw, 424px\" \/>Massage ist aktive Erholung. Die Wirkung auf unseren K\u00f6rper ist erstaunlich : Die Durchblutung von Haut und K\u00f6rper wird gezielt gef\u00f6rdert, verh\u00e4rtete Muskeln werden gelockert und Erm\u00fcdungsstoffe bauen sich rascher ab.<br \/>\nMan f\u00fchlt sich danach wohl und entspannt und topfit f\u00fcr neue Herausforderungen.<\/p>\n<p>Ideal nach Sport- und Fitnesstraining zum Energie tanken bei M\u00fcdigkeit<br \/>\nund zur Erholung von der allt\u00e4glichen Hektik sowie zur allgemeinen Gesundheitsvorsorge.<\/p>\n<p>Massage unterst\u00fctzt Ihren K\u00f6rper, seine Funktionen optimal wahrzunehmen.<br \/>\nSie brauchen Ihren K\u00f6rper, um Ihre Funktionen optimal wahrzunehmen.<br \/>\nUnterst\u00fctzen Sie Ihren K\u00f6rper mit einem Massage-Kurzurlaub.<\/p>\n<h5>Fit-Massagen = Frisch, integer und tatkr\u00e4ftig<\/h5>\n","protected":false},"excerpt":{"rendered":"<p>Massage ist aktive Erholung. Die Wirkung auf unseren K\u00f6rper ist erstaunlich : Die Durchblutung von Haut und K\u00f6rper wird gezielt gef\u00f6rdert, verh\u00e4rtete Muskeln werden gelockert und Erm\u00fcdungsstoffe bauen sich rascher ab. Man f\u00fchlt sich danach wohl und entspannt und topfit f\u00fcr neue Herausforderungen. Ideal nach Sport- und Fitnesstraining zum Energie tanken bei M\u00fcdigkeit und zur Erholung von der allt\u00e4glichen Hektik &#8230; <\/p>\n<div><a href=\"https:\/\/www.fit-massagen.ch\/index.php\/angebote\/ganz-und-teilkoerper-massage\/\" class=\"more-link\">Read More<\/a><\/div>\n","protected":false},"author":2,"featured_media":0,"parent":12,"menu_order":0,"comment_status":"closed","ping_status":"closed","template":"","meta":{"ngg_post_thumbnail":0,"footnotes":"","_links_to":"","_links_to_target":""},"class_list":["post-18","page","type-page","status-publish","hentry","no-post-thumbnail"],"_links":{"self":[{"href":"https:\/\/www.fit-massagen.ch\/index.php\/wp-json\/wp\/v2\/pages\/18","targetHints":{"allow":["GET"]}}],"collection":[{"href":"https:\/\/www.fit-massagen.ch\/index.php\/wp-json\/wp\/v2\/pages"}],"about":[{"href":"https:\/\/www.fit-massagen.ch\/index.php\/wp-json\/wp\/v2\/types\/page"}],"author":[{"embeddable":true,"href":"https:\/\/www.fit-massagen.ch\/index.php\/wp-json\/wp\/v2\/users\/2"}],"replies":[{"embeddable":true,"href":"https:\/\/www.fit-massagen.ch\/index.php\/wp-json\/wp\/v2\/comments?post=18"}],"version-history":[{"count":8,"href":"https:\/\/www.fit-massagen.ch\/index.php\/wp-json\/wp\/v2\/pages\/18\/revisions"}],"predecessor-version":[{"id":151,"href":"https:\/\/www.fit-massagen.ch\/index.php\/wp-json\/wp\/v2\/pages\/18\/revisions\/151"}],"up":[{"embeddable":true,"href":"https:\/\/www.fit-massagen.ch\/index.php\/wp-json\/wp\/v2\/pages\/12"}],"wp:attachment":[{"href":"https:\/\/www.fit-massagen.ch\/index.php\/wp-json\/wp\/v2\/media?parent=18"}],"curies":[{"name":"wp","href":"https:\/\/api.w.org\/{rel}","templated":true}]}}